{"id":60,"date":"2021-08-30T09:35:15","date_gmt":"2021-08-30T07:35:15","guid":{"rendered":"https:\/\/hebamme-geisa.de\/WP\/?page_id=60"},"modified":"2026-03-03T11:36:49","modified_gmt":"2026-03-03T10:36:49","slug":"ueber-mich","status":"publish","type":"page","link":"https:\/\/hebamme-geisa.de\/?page_id=60","title":{"rendered":"\u00fcber mich"},"content":{"rendered":"<div id=\"pl-60\"  class=\"panel-layout\" ><div id=\"pg-60-0\"  class=\"panel-grid panel-no-style\" ><div id=\"pgc-60-0-0\"  class=\"panel-grid-cell\" ><div id=\"panel-60-0-0-0\" class=\"so-panel widget widget_black-studio-tinymce widget_black_studio_tinymce panel-first-child panel-last-child\" data-index=\"0\" ><div class=\"textwidget\"><p><img loading=\"lazy\" decoding=\"async\" class=\"alignnone size-medium wp-image-30\" src=\"https:\/\/hebamme-geisa.de\/wp-content\/uploads\/2021\/08\/IMG_20200411_134321255-225x300.jpg\" alt=\"\" width=\"225\" height=\"300\" srcset=\"https:\/\/hebamme-geisa.de\/wp-content\/uploads\/2021\/08\/IMG_20200411_134321255-225x300.jpg 225w, https:\/\/hebamme-geisa.de\/wp-content\/uploads\/2021\/08\/IMG_20200411_134321255-230x307.jpg 230w, https:\/\/hebamme-geisa.de\/wp-content\/uploads\/2021\/08\/IMG_20200411_134321255-350x467.jpg 350w, https:\/\/hebamme-geisa.de\/wp-content\/uploads\/2021\/08\/IMG_20200411_134321255-480x640.jpg 480w, https:\/\/hebamme-geisa.de\/wp-content\/uploads\/2021\/08\/IMG_20200411_134321255.jpg 630w\" sizes=\"auto, (max-width: 225px) 100vw, 225px\" \/><\/p>\n<p>Mit einer Schwangerschaft beginnt f\u00fcr jede Frau bzw. jedes P\u00e4rchen ein neuer Lebensabschnitt.<\/p>\n<p>Ich w\u00fcrde mich freuen, euch in dieser aufregenden und spannenden neuen Lebensphase ein st\u00fcckweit begleiten zu d\u00fcrfen.<\/p>\n<p>Ich lebe und liebe meinen Beruf jetzt schon seit 20 Jahren und arbeite gerne mit Akupunktur, Hom\u00f6opathie und K-Taping.<\/p>\n<ul>\n<li>Ich bin 1984 in H\u00fcnfeld geboren und aufgewachsen<\/li>\n<li>Mutter eines Sohnes<\/li>\n<li>Ich lebe mit meiner Familie in Seiferts (Rh\u00f6n)<\/li>\n<li>2000-2003 Ausbildung zur Zahnarzthelferin<\/li>\n<li><strong>2006 Hebammenexamen<\/strong> an der Universit\u00e4tsklinik Gie\u00dfen<\/li>\n<li><strong>Mein Einzugsgebiet sind die Gemeinden<\/strong>:<\/li>\n<li>Ehrenberg, Hilders. Tann<\/li>\n<li>\u00a0Geisa, Vacha, Dermbach<\/li>\n<li>\u00a0N\u00fcsttal, H\u00fcnfeld, Rasdorf<\/li>\n<li>Hofbieber, Hohe Rh\u00f6n Th\u00fcringen, Gersfeld<\/li>\n<li><strong>Seit 2007 <\/strong>bis heute Hebammenpraxis in Geisa<\/li>\n<li>2006 abgeschlossene 3 j\u00e4hrige Hom\u00f6opathieausbildung<\/li>\n<li>2006-2009 Teilzeitangestellte an der Klinik in Alsfeld<\/li>\n<li>2009 Weiterbildung zur Familienhebamme<\/li>\n<li>2009-2020 Teilzeitangestellte an der Helios St. Elisabeth Klinik in H\u00fcnfeld<\/li>\n<li>2011 abgeschlossene 3 j\u00e4hrige Akupunkturausbildung<\/li>\n<li>2019 K-Taping Therapeutin<\/li>\n<li>seit 2023: Projekt Hebamme vor Ort<\/li>\n<li>regelm\u00e4\u00dfige Fortbildungen<\/li>\n<\/ul>\n<\/div><\/div><\/div><\/div><\/div>","protected":false},"excerpt":{"rendered":"<p>Mit einer Schwangerschaft beginnt f\u00fcr jede Frau bzw. jedes P\u00e4rchen ein neuer Lebensabschnitt. Ich w\u00fcrde mich freuen, euch in dieser aufregenden und spannenden neuen Lebensphase ein st\u00fcckweit begleiten zu d\u00fcrfen. Ich lebe und liebe meinen Beruf jetzt schon seit 20 Jahren und arbeite gerne mit Akupunktur, Hom\u00f6opathie und K-Taping. Ich bin 1984 in H\u00fcnfeld geboren [&hellip;]<\/p>\n","protected":false},"author":1,"featured_media":0,"parent":0,"menu_order":0,"comment_status":"closed","ping_status":"closed","template":"","meta":{"footnotes":""},"class_list":["post-60","page","type-page","status-publish","hentry","entry"],"_links":{"self":[{"href":"https:\/\/hebamme-geisa.de\/index.php?rest_route=\/wp\/v2\/pages\/60","targetHints":{"allow":["GET"]}}],"collection":[{"href":"https:\/\/hebamme-geisa.de\/index.php?rest_route=\/wp\/v2\/pages"}],"about":[{"href":"https:\/\/hebamme-geisa.de\/index.php?rest_route=\/wp\/v2\/types\/page"}],"author":[{"embeddable":true,"href":"https:\/\/hebamme-geisa.de\/index.php?rest_route=\/wp\/v2\/users\/1"}],"replies":[{"embeddable":true,"href":"https:\/\/hebamme-geisa.de\/index.php?rest_route=%2Fwp%2Fv2%2Fcomments&post=60"}],"version-history":[{"count":21,"href":"https:\/\/hebamme-geisa.de\/index.php?rest_route=\/wp\/v2\/pages\/60\/revisions"}],"predecessor-version":[{"id":247,"href":"https:\/\/hebamme-geisa.de\/index.php?rest_route=\/wp\/v2\/pages\/60\/revisions\/247"}],"wp:attachment":[{"href":"https:\/\/hebamme-geisa.de\/index.php?rest_route=%2Fwp%2Fv2%2Fmedia&parent=60"}],"curies":[{"name":"wp","href":"https:\/\/api.w.org\/{rel}","templated":true}]}}