{"id":112,"date":"2021-08-31T08:01:08","date_gmt":"2021-08-31T06:01:08","guid":{"rendered":"https:\/\/hebamme-geisa.de\/WP\/?page_id=112"},"modified":"2026-03-03T11:35:44","modified_gmt":"2026-03-03T10:35:44","slug":"kursangebote","status":"publish","type":"page","link":"https:\/\/hebamme-geisa.de\/?page_id=112","title":{"rendered":"Kursangebote"},"content":{"rendered":"<div id=\"pl-112\"  class=\"panel-layout\" ><div id=\"pg-112-0\"  class=\"panel-grid panel-no-style\" ><div id=\"pgc-112-0-0\"  class=\"panel-grid-cell\" ><div id=\"panel-112-0-0-0\" class=\"so-panel widget widget_black-studio-tinymce widget_black_studio_tinymce panel-first-child panel-last-child\" data-index=\"0\" ><div class=\"textwidget\"><ul>\n<li>Geburtsvorbereitung<\/li>\n<li>R\u00fcckbildung<\/li>\n<li>Babymassage<\/li>\n<li>Beikosteinf\u00fchrung<\/li>\n<li>Erste Hilfe am S\u00e4ugling und Kind<\/li>\n<\/ul>\n<p><strong>Alle Kurse (<\/strong>au\u00dfer Erste Hilfe) auch online m\u00f6glich.<\/p>\n<p>Es k\u00f6nnen auch Frauen, die nicht von mir betreut werden, bei den Kursen teilnehmen.<\/p>\n<\/div><\/div><\/div><div id=\"pgc-112-0-1\"  class=\"panel-grid-cell\" ><div id=\"panel-112-0-1-0\" class=\"so-panel widget widget_media_image panel-first-child panel-last-child\" data-index=\"1\" ><img loading=\"lazy\" decoding=\"async\" width=\"225\" height=\"300\" src=\"https:\/\/hebamme-geisa.de\/wp-content\/uploads\/2021\/11\/IMG_20210906_151047411-225x300.jpg\" class=\"image wp-image-147  attachment-medium size-medium\" alt=\"\" style=\"max-width: 100%; height: auto;\" srcset=\"https:\/\/hebamme-geisa.de\/wp-content\/uploads\/2021\/11\/IMG_20210906_151047411-225x300.jpg 225w, https:\/\/hebamme-geisa.de\/wp-content\/uploads\/2021\/11\/IMG_20210906_151047411-768x1024.jpg 768w, https:\/\/hebamme-geisa.de\/wp-content\/uploads\/2021\/11\/IMG_20210906_151047411.jpg 800w\" sizes=\"auto, (max-width: 225px) 100vw, 225px\" \/><\/div><\/div><div id=\"pgc-112-0-2\"  class=\"panel-grid-cell\" ><div id=\"panel-112-0-2-0\" class=\"so-panel widget widget_media_image panel-first-child panel-last-child\" data-index=\"2\" ><img loading=\"lazy\" decoding=\"async\" width=\"225\" height=\"300\" src=\"https:\/\/hebamme-geisa.de\/wp-content\/uploads\/2021\/11\/IMG_20210907_094325544-225x300.jpg\" class=\"image wp-image-149  attachment-medium size-medium\" alt=\"\" style=\"max-width: 100%; height: auto;\" srcset=\"https:\/\/hebamme-geisa.de\/wp-content\/uploads\/2021\/11\/IMG_20210907_094325544-225x300.jpg 225w, https:\/\/hebamme-geisa.de\/wp-content\/uploads\/2021\/11\/IMG_20210907_094325544-768x1024.jpg 768w, https:\/\/hebamme-geisa.de\/wp-content\/uploads\/2021\/11\/IMG_20210907_094325544.jpg 800w\" sizes=\"auto, (max-width: 225px) 100vw, 225px\" \/><\/div><\/div><\/div><\/div>","protected":false},"excerpt":{"rendered":"<p>Geburtsvorbereitung R\u00fcckbildung Babymassage Beikosteinf\u00fchrung Erste Hilfe am S\u00e4ugling und Kind Alle Kurse (au\u00dfer Erste Hilfe) auch online m\u00f6glich. Es k\u00f6nnen auch Frauen, die nicht von mir betreut werden, bei den Kursen teilnehmen.<\/p>\n","protected":false},"author":1,"featured_media":0,"parent":0,"menu_order":0,"comment_status":"closed","ping_status":"closed","template":"","meta":{"footnotes":""},"class_list":["post-112","page","type-page","status-publish","hentry","entry"],"_links":{"self":[{"href":"https:\/\/hebamme-geisa.de\/index.php?rest_route=\/wp\/v2\/pages\/112","targetHints":{"allow":["GET"]}}],"collection":[{"href":"https:\/\/hebamme-geisa.de\/index.php?rest_route=\/wp\/v2\/pages"}],"about":[{"href":"https:\/\/hebamme-geisa.de\/index.php?rest_route=\/wp\/v2\/types\/page"}],"author":[{"embeddable":true,"href":"https:\/\/hebamme-geisa.de\/index.php?rest_route=\/wp\/v2\/users\/1"}],"replies":[{"embeddable":true,"href":"https:\/\/hebamme-geisa.de\/index.php?rest_route=%2Fwp%2Fv2%2Fcomments&post=112"}],"version-history":[{"count":16,"href":"https:\/\/hebamme-geisa.de\/index.php?rest_route=\/wp\/v2\/pages\/112\/revisions"}],"predecessor-version":[{"id":246,"href":"https:\/\/hebamme-geisa.de\/index.php?rest_route=\/wp\/v2\/pages\/112\/revisions\/246"}],"wp:attachment":[{"href":"https:\/\/hebamme-geisa.de\/index.php?rest_route=%2Fwp%2Fv2%2Fmedia&parent=112"}],"curies":[{"name":"wp","href":"https:\/\/api.w.org\/{rel}","templated":true}]}}